{"id":54,"date":"2023-06-30T11:01:06","date_gmt":"2023-06-30T11:01:06","guid":{"rendered":"https:\/\/wiseinvest.hu\/?page_id=54"},"modified":"2023-07-04T07:08:22","modified_gmt":"2023-07-04T07:08:22","slug":"jelenlegi-tevekenysegeink","status":"publish","type":"page","link":"https:\/\/wiseinvest.hu\/?page_id=54","title":{"rendered":"Jelenlegi tev\u00e9kenys\u00e9geink"},"content":{"rendered":"<h1>Jelenlegi tev\u00e9kenys\u00e9geink<\/h1>\n<ul>\n<li>Ir\u00e1ny\u00edt\u00e1si rendszerek kialak\u00edt\u00e1sa \u00e9s m\u0171k\u00f6dtet\u00e9se<\/li>\n<li>Igazgat\u00e1sszervez\u00e9s<\/li>\n<li>Szervezetfejleszt\u00e9s, folyamat-optimaliz\u00e1l\u00e1s<\/li>\n<li>Projektmenedzsment<\/li>\n<li>P\u00e1ly\u00e1zati \u00e9s megval\u00f3s\u00edthat\u00f3s\u00e1gi tan\u00e1csad\u00e1s<\/li>\n<li>IT szak\u00e9rt\u0151i tev\u00e9kenys\u00e9g<\/li>\n<li>Piackutat\u00e1s, \u00fczleti elemz\u00e9s<\/li>\n<li>Audit, \u00e1tvizsg\u00e1l\u00e1s<\/li>\n<\/ul>\n<figure class=\"wp-block-image\"><img loading=\"lazy\" decoding=\"async\" class=\"wp-image-114\" src=\"https:\/\/equistar-cons.hu\/wp-content\/uploads\/2019\/10\/decide.jpg\" sizes=\"auto, (max-width: 600px) 100vw, 600px\" srcset=\"https:\/\/equistar-cons.hu\/wp-content\/uploads\/2019\/10\/decide.jpg 600w, https:\/\/equistar-cons.hu\/wp-content\/uploads\/2019\/10\/decide-300x200.jpg 300w\" alt=\"\" width=\"600\" height=\"399\" \/><\/figure>\n<p>&nbsp;<\/p>\n","protected":false},"excerpt":{"rendered":"<p>Jelenlegi tev\u00e9kenys\u00e9geink Ir\u00e1ny\u00edt\u00e1si rendszerek kialak\u00edt\u00e1sa \u00e9s m\u0171k\u00f6dtet\u00e9se Igazgat\u00e1sszervez\u00e9s Szervezetfejleszt\u00e9s, folyamat-optimaliz\u00e1l\u00e1s Projektmenedzsment P\u00e1ly\u00e1zati \u00e9s megval\u00f3s\u00edthat\u00f3s\u00e1gi tan\u00e1csad\u00e1s IT szak\u00e9rt\u0151i tev\u00e9kenys\u00e9g Piackutat\u00e1s, \u00fczleti elemz\u00e9s Audit, \u00e1tvizsg\u00e1l\u00e1s &nbsp;<\/p>\n","protected":false},"author":2,"featured_media":0,"parent":0,"menu_order":0,"comment_status":"closed","ping_status":"closed","template":"page-template\/custom-home-page.php","meta":{"footnotes":""},"class_list":["post-54","page","type-page","status-publish","hentry"],"_links":{"self":[{"href":"https:\/\/wiseinvest.hu\/index.php?rest_route=\/wp\/v2\/pages\/54","targetHints":{"allow":["GET"]}}],"collection":[{"href":"https:\/\/wiseinvest.hu\/index.php?rest_route=\/wp\/v2\/pages"}],"about":[{"href":"https:\/\/wiseinvest.hu\/index.php?rest_route=\/wp\/v2\/types\/page"}],"author":[{"embeddable":true,"href":"https:\/\/wiseinvest.hu\/index.php?rest_route=\/wp\/v2\/users\/2"}],"replies":[{"embeddable":true,"href":"https:\/\/wiseinvest.hu\/index.php?rest_route=%2Fwp%2Fv2%2Fcomments&post=54"}],"version-history":[{"count":3,"href":"https:\/\/wiseinvest.hu\/index.php?rest_route=\/wp\/v2\/pages\/54\/revisions"}],"predecessor-version":[{"id":68,"href":"https:\/\/wiseinvest.hu\/index.php?rest_route=\/wp\/v2\/pages\/54\/revisions\/68"}],"wp:attachment":[{"href":"https:\/\/wiseinvest.hu\/index.php?rest_route=%2Fwp%2Fv2%2Fmedia&parent=54"}],"curies":[{"name":"wp","href":"https:\/\/api.w.org\/{rel}","templated":true}]}}