{"id":56,"date":"2023-06-30T11:06:13","date_gmt":"2023-06-30T11:06:13","guid":{"rendered":"https:\/\/wiseinvest.hu\/?page_id=56"},"modified":"2024-04-25T10:44:05","modified_gmt":"2024-04-25T10:44:05","slug":"adatkezelesi-tajekoztato","status":"publish","type":"page","link":"https:\/\/wiseinvest.hu\/?page_id=56","title":{"rendered":"Adatkezel\u00e9si t\u00e1j\u00e9koztat\u00f3"},"content":{"rendered":"<h1>Adatkezel\u00e9si t\u00e1j\u00e9koztat\u00f3<\/h1>\n<p class=\"col-md-9\"><strong>Tisztelt \u00dcgyfel\u00fcnk!<\/strong><\/p>\n<p>Sz\u00e1munkra k\u00fcl\u00f6n\u00f6sen fontos az \u00d6n szem\u00e9lyes adatainak v\u00e9delme, ennek megfelel\u0151en folyamatosan gondoskodunk azok biztons\u00e1g\u00e1r\u00f3l.<\/p>\n<p>Adatkezel\u00e9s\u00fcnk a 2018. m\u00e1jus 25-\u00e9n hat\u00e1lyba l\u00e9p\u0151 \u00c1ltal\u00e1nos Adatv\u00e9delmi Rendeletnek (az Eur\u00f3pai Parlament \u00e9s a Tan\u00e1cs (EU) 2016\/679 sz\u00e1m\u00fa \u00c1ltal\u00e1nos Adatv\u00e9delmi Rendelet \u2013 a \u201eGDPR\u201d) is megfelel.<\/p>\n<p>K\u00e9rj\u00fck, hogy figyelmesen olvassa el az \u00faj szab\u00e1lyoknak megfelel\u0151en megv\u00e1ltozott Adatv\u00e9delmi t\u00e1j\u00e9koztat\u00f3nkat, mivel fontos inform\u00e1ci\u00f3kat tartalmaz az \u00d6n adatainak kezel\u00e9s\u00e9r\u0151l.<\/p>\n<p>Adatai kezel\u00e9s\u00e9vel kapcsolatos b\u00e1rmilyen tov\u00e1bbi k\u00e9rd\u00e9s\u00e9vel vagy k\u00e9r\u00e9s\u00e9vel forduljon hozz\u00e1nk bizalommal a info(kukac) wiseinvest.hu e-mail c\u00edmen, ahol k\u00e9szs\u00e9ggel v\u00e1laszolunk k\u00e9rd\u00e9seire, k\u00e9r\u00e9seire.<\/p>\n<p><strong>ADATV\u00c9DELMI NYILATKOZAT<\/strong><\/p>\n<p>Adatkezel\u00e9si folyamataink kialak\u00edt\u00e1sa sor\u00e1n kiemelt figyelmet ford\u00edtottunk az \u00e1ltalunk kezelt, valamint feldolgozott term\u00e9szetes szem\u00e9lyek szem\u00e9lyes adatainak v\u00e9delm\u00e9re \u00e9s ezen adatok v\u00e9delm\u00e9t \u00e9s szabad \u00e1raml\u00e1s\u00e1t szolg\u00e1l\u00f3 szab\u00e1lyz\u00e1si k\u00f6rnyezetre, melynek alapj\u00e1t a 95\/46\/EK ir\u00e1nyelv hat\u00e1lyon k\u00edv\u00fcl helyez\u00e9s\u00e9r\u0151l sz\u00f3l\u00f3 (EU) 2016\/679 rendelet (GDPR), valamint az inform\u00e1ci\u00f3s \u00f6nrendelkez\u00e9si jogr\u00f3l \u00e9s az inform\u00e1ci\u00f3szabads\u00e1gr\u00f3l sz\u00f3l\u00f3 2011. \u00e9vi CXII. t\u00f6rv\u00e9ny biztos\u00edtja. A t\u00e1j\u00e9koztat\u00f3 a Wiseinvest Kft. wiseinvest.hu c\u00edmen el\u00e9rhet\u0151 port\u00e1lj\u00e1val, illetve a Wiseinvest Kft. \u00e9rdekk\u00f6r\u00e9be tartoz\u00f3 kapcsol\u00f3d\u00f3 aloldalakkal, honlapokkal (a tov\u00e1bbiakban egy\u00fcttesen: honlap) \u00f6sszef\u00fcgg\u00e9sben folytatott szem\u00e9lyes adatkezel\u00e9sre vonatkozik.<\/p>\n<p>A port\u00e1lokkal \u00f6sszef\u00fcgg\u00e9sben folytatott valamennyi adatkezel\u00e9s tekintet\u00e9ben a Wiseinvest Kft. az adatkezel\u0151. A Wiseinvest Kft. elk\u00f6telezett a szem\u00e9lyes adatok v\u00e9delme mellett; jelen t\u00e1j\u00e9koztat\u00f3 ennek jegy\u00e9ben foglalja \u00f6ssze az adatgy\u0171jt\u00e9s \u00e9s \u2013feldolgoz\u00e1s m\u00f3dj\u00e1ra, az adatkezel\u00e9ssel \u00f6sszef\u00fcgg\u0151 \u00e9rintetti jogok gyakorl\u00e1s\u00e1ra vonatkoz\u00f3 inform\u00e1ci\u00f3kat. A t\u00e1j\u00e9koztat\u00f3 id\u0151r\u0151l id\u0151re fel\u00fclvizsg\u00e1latra ker\u00fcl, a Wiseinvest Kft. a m\u00f3dos\u00edt\u00e1s t\u00e9ny\u00e9t a m\u00f3dos\u00edtott rendelkez\u00e9sek megjel\u00f6l\u00e9s\u00e9vel a https:\/\/wiseinvest.hu\/\u00a0port\u00e1lon k\u00f6zz\u00e9teszi.<\/p>\n<p><strong>ADATKEZEL\u0150<\/strong><\/p>\n<figure class=\"wp-block-table is-style-stripes\">\n<table>\n<tbody>\n<tr>\n<td>adatkezel\u0151 megnevez\u00e9se:<\/td>\n<td>Wiseinvest Kft.<\/td>\n<\/tr>\n<tr>\n<td>adatkezel\u0151 nyilv\u00e1ntart\u00e1si (c\u00e9gjegyz\u00e9k) sz\u00e1ma:<\/td>\n<td>01-09-896490<\/td>\n<\/tr>\n<tr>\n<td>adatkezel\u0151 sz\u00e9khelye \u00e9s postac\u00edme:<\/td>\n<td>1106 Budapest, Gyakorl\u00f3 u. 13. 6\/35.<\/td>\n<\/tr>\n<tr>\n<td>adatkezel\u0151 k\u00e9pviselet\u00e9re jogosult szem\u00e9ly:<\/td>\n<td>G\u00f3ly\u00e1n\u00e9 Fodor Anik\u00f3 \u00fcgyvezet\u0151<\/td>\n<\/tr>\n<tr>\n<td>adatkezel\u0151 elektronikus postac\u00edme:<\/td>\n<td>info (kukac) wiseinvest.hu<\/td>\n<\/tr>\n<tr>\n<td>adatkezel\u0151 telefonsz\u00e1ma:<\/td>\n<td>+36 1 707 0240<\/td>\n<\/tr>\n<tr>\n<td>adatkezel\u0151 telefax sz\u00e1ma:<\/td>\n<td>+36 1 707 0240<\/td>\n<\/tr>\n<\/tbody>\n<\/table>\n<\/figure>\n<p>&nbsp;<\/p>\n<p><strong>AZ ADATKEZEL\u00c9S ELVI H\u00c1TTERE<\/strong><\/p>\n<p>A Wiseinvest Kft. valamennyi szem\u00e9lyes adatnak min\u0151s\u00fcl\u0151 adatot a jogszer\u0171s\u00e9g, a tisztess\u00e9ges elj\u00e1r\u00e1s, az \u00e1tl\u00e1that\u00f3s\u00e1g \u00e9s az adattakar\u00e9koss\u00e1g elv\u00e9nek megfelel\u0151en kezel. Az adatok kezel\u00e9se c\u00e9lhoz k\u00f6t\u00f6tt, a Wiseinvest Kft. az adatkezel\u00e9st kiz\u00e1r\u00f3lag a jelen t\u00e1j\u00e9koztat\u00f3ban r\u00f6gz\u00edtett jogc\u00edmek valamelyik\u00e9nek fenn\u00e1ll\u00e1sa eset\u00e9n, a jogc\u00edm \u00e9rv\u00e9nyess\u00e9g\u00e9nek id\u0151tartam\u00e1ig folytatja.<\/p>\n<p>A Wiseinvest Kft. az adatokat nem haszn\u00e1lja fel profilalkot\u00e1sra, azokat harmadik f\u00e9lnek \u2013 mely al\u00f3l kiv\u00e9telt k\u00e9pez a hat\u00f3s\u00e1gi, vagy b\u00edr\u00f3s\u00e1gi megkeres\u00e9s, illetve az esetleges jog\u00e9rv\u00e9nyes\u00edt\u00e9s esete \u2013 tov\u00e1bb\u00e1 sem bel-, sem k\u00fclf\u00f6ldre nem tov\u00e1bb\u00edtja, az adatkezel\u00e9s sor\u00e1n kiz\u00e1r\u00f3lag a jelen t\u00e1j\u00e9koztat\u00f3ban megjel\u00f6lt adatfeldolgoz\u00f3kat veszi ig\u00e9nybe.<\/p>\n<p><strong>ADATBIZTONS\u00c1G<\/strong><\/p>\n<p>A Wiseinvest Kft. az adatokat megfelel\u0151, kock\u00e1zatar\u00e1nyos technikai \u00e9s szervez\u00e9si int\u00e9zked\u00e9sekkel v\u00e9di, az esetlegesen felmer\u00fcl\u0151 adatv\u00e9delmi incidenseket a GDPR el\u0151\u00edr\u00e1sainak megfelel\u0151en kezeli, azokr\u00f3l az \u00e9rintetti k\u00f6rnek \u2013 a jogszab\u00e1lyban el\u0151\u00edrt m\u00f3don \u00e9s adattartalommal \u2013 t\u00e1j\u00e9koztat\u00e1st ad.<\/p>\n<p>A honlap, a Wiseinvest Kft. azokat kiszolg\u00e1l\u00f3 informatikai rendszere, h\u00e1l\u00f3zata egyar\u00e1nt v\u00e9dett a sz\u00e1m\u00edt\u00f3g\u00e9ppel t\u00e1mogatott csal\u00e1s, k\u00e9mked\u00e9s, szabot\u00e1zs, vandalizmus, t\u0171z \u00e9s \u00e1rv\u00edz, tov\u00e1bb\u00e1 a sz\u00e1m\u00edt\u00f3g\u00e9pv\u00edrusok, a sz\u00e1m\u00edt\u00f3g\u00e9pes bet\u00f6r\u00e9sek \u00e9s a szolg\u00e1latmegtagad\u00e1sra vezet\u0151 t\u00e1mad\u00e1sok ellen. A Wiseinvest Kft. a biztons\u00e1gr\u00f3l, az adatokhoz val\u00f3 jogosulatlan hozz\u00e1f\u00e9r\u00e9s, megv\u00e1ltoztat\u00e1s, tov\u00e1bb\u00edt\u00e1s, nyilv\u00e1noss\u00e1gra hozatal, t\u00f6rl\u00e9s vagy megsemmis\u00edt\u00e9s, v\u00e9letlen megsemmis\u00fcl\u00e9s \u00e9s s\u00e9r\u00fcl\u00e9s megel\u0151z\u00e9s\u00e9r\u0151l megfelel\u0151 \u00e9s kock\u00e1zatar\u00e1nyos technikai \u00e9s szervez\u00e9si int\u00e9zked\u00e9sekkel, szerver- \u00e9s alkalmaz\u00e1sszint\u0171 v\u00e9delmi elj\u00e1r\u00e1sokkal gondoskodik.<\/p>\n<p>Az Adatkezel\u0151 gondoskodik tov\u00e1bb\u00e1 arr\u00f3l, hogy az \u00e1ltala kezelt adatokhoz kiz\u00e1r\u00f3lag az arra felhatalmazott munkav\u00e1llal\u00f3k \u00e9s az adatkezel\u00e9s sor\u00e1n alkalmazott \u00e9s a t\u00e1j\u00e9koztat\u00f3ban felt\u0171ntetett Adatfeldolgoz\u00f3k f\u00e9rhessenek hozz\u00e1. Mindent megtesz annak \u00e9rdek\u00e9ben, hogy illet\u00e9ktelenek ne hozhassanak nyilv\u00e1noss\u00e1gra, ne tov\u00e1bb\u00edthassanak, ne m\u00f3dos\u00edthassanak vagy t\u00f6r\u00f6lhessenek semmilyen adatot mellyel az adatkezel\u00e9s \u00e9rintettjeinek \u00e9rdekeit b\u00e1rmilyen m\u00e9rt\u00e9kben is k\u00e1ros\u00edtja.<\/p>\n<p>A Wiseinvest Kft. \u00e9rintett adataihoz hozz\u00e1f\u00e9r\u0151 valamennyi munkat\u00e1rsa \u00e9s szerz\u0151d\u00e9ses partnere k\u00f6telezetts\u00e9get v\u00e1llalt a szem\u00e9lyes adatok bizalmass\u00e1g\u00e1nak, s\u00e9rtetlens\u00e9g\u00e9nek \u00e9s rendelkez\u00e9sre \u00e1ll\u00e1s\u00e1nak meg\u00f3v\u00e1s\u00e1ra.<\/p>\n<p><strong>AZ ADATKEZEL\u00c9S TERJEDELME, A KEZELT ADATOK K\u00d6RE<\/strong><\/p>\n<p>A port\u00e1lokon megosztott inform\u00e1ci\u00f3k megtekint\u00e9se nem ig\u00e9nyli szem\u00e9lyes adatok megad\u00e1s\u00e1t, erre kiz\u00e1r\u00f3lag a Wiseinvest Kft. -vel t\u00f6rt\u00e9n\u0151 kapcsolatfelv\u00e9tel kezdem\u00e9nyez\u00e9se eset\u00e9ben van sz\u00fcks\u00e9g.<\/p>\n<p>A kapcsolatfelv\u00e9tel kezdem\u00e9nyez\u00e9se keret\u00e9ben \u2013 amennyiben az adatkezel\u00e9shez el\u0151zetes hozz\u00e1j\u00e1rul\u00e1s\u00e1t adja \u2013 az al\u00e1bbi adatok megad\u00e1s\u00e1ra van sz\u00fcks\u00e9g:<\/p>\n<ul>\n<li>az \u00e9rintett neve;<\/li>\n<li>elektronikus postafi\u00f3k c\u00edme;<\/li>\n<li>opcion\u00e1lisan telefonsz\u00e1ma; illetve<\/li>\n<li>az \u00e1ltala k\u00e9pviselt szervezet megnevez\u00e9se, beoszt\u00e1sa.<\/li>\n<\/ul>\n<p>Az \u00e9rintett szabadon d\u00f6nthet a fenti adatok megad\u00e1s\u00e1r\u00f3l, azonban az adatkezel\u00e9si hozz\u00e1j\u00e1rul\u00e1s, illetve az adatok legal\u00e1bb r\u00e9szleges megad\u00e1s\u00e1nak elmarad\u00e1sa eset\u00e9n a szolg\u00e1ltat\u00e1sok egy r\u00e9sze nem \u00e9rhet\u0151 el, illetve a regisztr\u00e1ci\u00f3, kapcsolatfelv\u00e9tel meghi\u00fasulhat.<\/p>\n<p>A fentieken t\u00fal, a Wiseinvest Kft. a l\u00e1togat\u00f3k monitoroz\u00e1s\u00e1nak keret\u00e9ben inform\u00e1ci\u00f3kat gy\u0171jt a honlap el\u00e9r\u00e9s\u00e9hez haszn\u00e1lt IP c\u00edmekr\u0151l (az IP c\u00edm egy egyedi h\u00e1l\u00f3zati azonos\u00edt\u00f3, amely biztos\u00edtja a sz\u00e1m\u00edt\u00f3g\u00e9pek internetes kommunik\u00e1ci\u00f3j\u00e1t), oper\u00e1ci\u00f3s rendszerekr\u0151l, b\u00f6ng\u00e9sz\u0151kr\u0151l, a megtekint\u00e9s id\u0151pontj\u00e1r\u00f3l \u00e9s id\u0151tartam\u00e1r\u00f3l. A gy\u0171jt\u00f6tt inform\u00e1ci\u00f3k abban az esetben min\u0151s\u00fclnek szem\u00e9lyes adatnak, ha lehet\u0151v\u00e9 teszik a term\u00e9szetes szem\u00e9ly \u00e9rintett k\u00f6zvetett vagy k\u00f6zvetlen m\u00f3don t\u00f6rt\u00e9n\u0151 azonos\u00edt\u00e1s\u00e1t.<\/p>\n<p><strong>A Wiseinvest Kft. k\u00fcl\u00f6nleges szem\u00e9lyes adatokat nem kezel.<\/strong><\/p>\n<p><strong>COOKIE-K HASZN\u00c1LAT\u00c1R\u00d3L<\/strong><\/p>\n<p>A honlap a felhaszn\u00e1l\u00f3i \u00e9lm\u00e9ny jav\u00edt\u00e1sa \u00e9rdek\u00e9ben \u00fan. cookie-kat, a felhaszn\u00e1l\u00f3k b\u00f6ng\u00e9sz\u0151j\u00e9ben telep\u00fcl\u0151 \u00e9s \u2013 meghat\u00e1rozott \u00e9rv\u00e9nyess\u00e9gi id\u0151re \u2013 t\u00e1rolt inform\u00e1ci\u00f3s azonos\u00edt\u00f3kat alkalmaznak. A cookie-k alkalmaz\u00e1sa lehet\u0151v\u00e9 teszi a felhaszn\u00e1l\u00f3k honlap haszn\u00e1lati szok\u00e1sainak nyomon k\u00f6vet\u00e9s\u00e9t, a visszat\u00e9r\u0151 felhaszn\u00e1l\u00f3k felismer\u00e9s\u00e9t, az adott honlapra vonatkoz\u00f3 b\u00f6ng\u00e9sz\u00e9si el\u0151zm\u00e9nyek \u00f6sszekapcsol\u00e1s\u00e1t. A cookie-k \u00f6nmagukban nem alkalmasak a felhaszn\u00e1l\u00f3k azonos\u00edt\u00e1s\u00e1ra, kiz\u00e1r\u00f3lag a felhaszn\u00e1l\u00f3 b\u00f6ng\u00e9sz\u0151j\u00e9nek felismer\u00e9s\u00e9t teszik lehet\u0151v\u00e9. A cookie-kat kiz\u00e1r\u00f3lag a honlapok \u00e9s csak akkor haszn\u00e1lj\u00e1k, amikor a felhaszn\u00e1l\u00f3 let\u00f6lti, megtekinti. A Wiseinvest Kft. a cookie-kat nem haszn\u00e1lja azon felhaszn\u00e1l\u00f3k azonos\u00edt\u00e1s\u00e1ra, akik csup\u00e1n a honlapok l\u00e1togat\u00f3i. A felhaszn\u00e1l\u00f3k b\u00f6ng\u00e9sz\u0151j\u00fckben be\u00e1ll\u00edthatj\u00e1k a cookie-k alkalmaz\u00e1s\u00e1ra ir\u00e1nyad\u00f3 szab\u00e1lyokat, illetve le is tilthatj\u00e1k a cookie-k haszn\u00e1lat\u00e1t.<\/p>\n<p>A s\u00fctik t\u00f6rl\u00e9s\u00e9r\u0151l b\u0151vebb t\u00e1j\u00e9koztat\u00e1s az al\u00e1bbi linkeken tal\u00e1lhat\u00f3:<\/p>\n<p>Internet Explorer:<\/p>\n<figure class=\"wp-block-embed\">\n<div class=\"wp-block-embed__wrapper\">https:\/\/windows.microsoft.com\/en-us\/internet-explorer\/delete-manage-cookies#ie=ie-11<\/div>\n<\/figure>\n<p>Firefox:<\/p>\n<figure class=\"wp-block-embed\">\n<div class=\"wp-block-embed__wrapper\">https:\/\/support.mozilla.org\/en-US\/kb\/cookies-information-websites-store-on-your-computer<\/div>\n<\/figure>\n<p>Chrome:<\/p>\n<figure class=\"wp-block-embed\">\n<div class=\"wp-block-embed__wrapper\">https:\/\/support.google.com\/chrome\/answer\/95647?hl=en<\/div>\n<\/figure>\n<p><strong>AZ ADATKEZEL\u00c9S JOGALAPJA<\/strong><\/p>\n<p>A honlappal \u00f6sszef\u00fcgg\u00e9sben folytatott adatkezel\u00e9s minden esetben az \u00e9rintett hozz\u00e1j\u00e1rul\u00e1s\u00e1n, illetve a Wiseinvest Kft. jogos \u00e9rdek\u00e9n alapul. Az adatkezel\u00e9s jogalapj\u00e1t \u00edgy<\/p>\n<ul>\n<li>a GDPR 6. cikk (1) bek. a) pontja, az \u00e9rintett hozz\u00e1j\u00e1rul\u00e1sa; valamint<\/li>\n<li>a GDPR 6. cikk (1) bek. f) pontja, a jogos \u00e9rdekeinek \u00e9rv\u00e9nyes\u00edt\u00e9se k\u00e9pezi.<\/li>\n<\/ul>\n<p><strong>AZ ADATKEZEL\u00c9S C\u00c9LJA<\/strong><\/p>\n<ul>\n<li>a potenci\u00e1lis partnereivel, \u00fcgyfeleivel t\u00f6rt\u00e9n\u0151 kapcsolatfelv\u00e9tel, a kapcsolat fenntart\u00e1sa, az \u00e9szrev\u00e9telek, megkeres\u00e9sek kezel\u00e9se;<\/li>\n<li>inform\u00e1ci\u00f3megoszt\u00e1s; tov\u00e1bb\u00e1<\/li>\n<li>a port\u00e1lok jogszer\u0171 \u00e9s biztons\u00e1gos m\u0171k\u00f6d\u00e9se, integrit\u00e1s-v\u00e9delme;<\/li>\n<li>a megosztott, szerz\u0151i jogv\u00e9delem al\u00e1 es\u0151 szellemi term\u00e9kekhez, v\u00e9djegyekhez f\u0171z\u0151d\u0151 jogok \u00e9rv\u00e9nyes\u00edt\u00e9s\u00e9nek biztos\u00edt\u00e1sa.<\/li>\n<\/ul>\n<p>A Wiseinvest Kft. az inform\u00e1ci\u00f3-megoszt\u00e1s keret\u00e9ben a t\u00e1rsas\u00e1g term\u00e9keire, szolg\u00e1ltat\u00e1saira vonatkoz\u00f3, marketing c\u00e9l\u00fa inform\u00e1ci\u00f3kat is megoszthat partnereivel. Amennyiben \u00e9rintett nem k\u00edv\u00e1n hozz\u00e1jutni a marketing c\u00e9l\u00fa inform\u00e1ci\u00f3khoz, a jelen nyilatkozatban megjel\u00f6lt el\u00e9rhet\u0151s\u00e9geken kereszt\u00fcl lehet\u0151s\u00e9ge van a marketing c\u00e9l\u00fa inform\u00e1ci\u00f3-megoszt\u00e1s letilt\u00e1s\u00e1ra.<\/p>\n<p><strong>AZ ADATKEZEL\u00c9S ID\u0150TARTAMA<\/strong><\/p>\n<p>E-mailben, vagy az oldalon tal\u00e1lhat\u00f3 egy\u00e9b kommunik\u00e1ci\u00f3s fel\u00fcleteken t\u00f6rt\u00e9n\u0151 kapcsolatfelv\u00e9tel eset\u00e9n hozz\u00e1j\u00e1rul az \u00fczenetedben foglalt adatai kezel\u00e9s\u00e9hez mindaddig m\u00edg ezt a hozz\u00e1j\u00e1rul\u00e1s\u00e1t vissza nem vonja, m\u00f3dos\u00edtja, vagy az adatkezel\u00e9s c\u00e9lj\u00e1nak el\u00e9v\u00fcl\u00e9se ok\u00e1n t\u00f6rl\u00e9sre nem ker\u00fcl.<\/p>\n<p>\u00cdgy a Wiseinvest Kft. az adatokat<\/p>\n<ul>\n<li>az \u00e9rintett hozz\u00e1j\u00e1rul\u00e1s visszavon\u00e1s\u00e1ig;<\/li>\n<li>a vonatkoz\u00f3 c\u00e9lok eset\u00e9ben az azokkal \u00f6sszef\u00fcgg\u0151 jogos \u00e9rdek fenn\u00e1ll\u00e1s\u00e1ig; vagy<\/li>\n<li>a kapcsolattart\u00f3i adatokban bek\u00f6vetkezett v\u00e1ltoz\u00e1sr\u00f3l t\u00f6rt\u00e9n\u0151 \u00e9rtes\u00edt\u00e9sig kezeli.<\/li>\n<\/ul>\n<p><strong>ADATFELDOLGOZ\u00d3K<\/strong><\/p>\n<p>A Wiseinvest Kft. a honlappal \u00f6sszef\u00fcgg\u00e9sben folytatott adatkezel\u00e9s sor\u00e1n az al\u00e1bbi adatfeldolgoz\u00f3kat \u00e9s szolg\u00e1ltat\u00e1sokat veszi ig\u00e9nybe:<\/p>\n<p>A Wiseinvest Kft. a port\u00e1lok m\u0171k\u00f6d\u00e9s\u00e9nek elemz\u00e9s\u00e9re a Google LLC. (1600 Amphitheatre Parkway Mountain View, CA 94043 USA; www.google.com\/contact) Google Analytics szolg\u00e1ltat\u00e1s\u00e1t haszn\u00e1lja. A Google Analytics cookie-k alkalmaz\u00e1s\u00e1ra \u00e9p\u00fcl, a cookie-k \u00e1ltal gener\u00e1lt, felhaszn\u00e1l\u00e1sra vonatkoz\u00f3 inform\u00e1ci\u00f3kat a Goolge saj\u00e1t szervereire tov\u00e1bb\u00edtja, ott t\u00e1rolja \u00e9s dolgozza fel. A port\u00e1lokon akt\u00edv az IP-c\u00edm n\u00e9vtelen\u00edt\u00e9se szolg\u00e1ltat\u00e1s, \u00edgy az Eur\u00f3pai Uni\u00f3 tag\u00e1llamaiban vagy az Eur\u00f3pai Gazdas\u00e1gi T\u00e9rs\u00e9get \u00e9rint\u0151 szerz\u0151d\u00f6tt \u00e1llamokon bel\u00fcl a Google a tov\u00e1bb\u00edt\u00e1s el\u0151tt a felhaszn\u00e1l\u00f3k IP-c\u00edm\u00e9t azonos\u00edt\u00e1sra alkalmatlann\u00e1 teszi. Felhaszn\u00e1l\u00f3 a http:\/\/tools.google.com\/dlpage\/gaoptout linken tal\u00e1lhat\u00f3 be\u00e9p\u00fcl\u0151 modul let\u00f6lt\u00e9s\u00e9vel \u00e9s telep\u00edt\u00e9s\u00e9vel megakad\u00e1lyozhatja, hogy a Google Analytics begy\u0171jtse \u00e9s feldolgozza a cookie-k \u00e1ltal a port\u00e1lok felhaszn\u00e1l\u00e1s\u00e1val \u00f6sszef\u00fcgg\u00e9sben gener\u00e1lt adatokat.<\/p>\n<p>Az ig\u00e9nybe vett adatfeldolgoz\u00f3k adatkezel\u00e9si ir\u00e1nyelvei az adatfeldolgoz\u00f3k fent megjel\u00f6lt el\u00e9rhet\u0151s\u00e9gein \u00e9rhet\u0151ek el.<\/p>\n<p><strong>AZ \u00c9RINTETTEK JOGAI<\/strong><\/p>\n<p>Az \u00e9rintettnek a GDPR III. fejezet\u00e9vel \u00f6sszhangban joga van ahhoz, hogy<\/p>\n<ul>\n<li>t\u00e1j\u00e9koztat\u00e1st kapjon az adatkezel\u00e9s k\u00f6r\u00fclm\u00e9nyeir\u0151l, jellemz\u0151ir\u0151l (az adatkezel\u0151 kil\u00e9t\u00e9r\u0151l \u00e9s el\u00e9rhet\u0151s\u00e9geir\u0151l; az adatkezel\u00e9s jogalapj\u00e1r\u00f3l \u00e9s c\u00e9lj\u00e1r\u00f3l; az adatkezel\u00e9s id\u0151tartam\u00e1r\u00f3l; jogair\u00f3l, kiemelten a hozz\u00e1j\u00e1rul\u00e1s visszavon\u00e1s\u00e1nak jog\u00e1r\u00f3l; a panaszt\u00e9tel lehet\u0151s\u00e9g\u00e9r\u0151l);<\/li>\n<li>az adatkezel\u00e9ssel \u00f6sszef\u00fcgg\u00e9sben t\u00e1j\u00e9koztat\u00e1st k\u00e9rjen az adatkezel\u0151t\u0151l;<\/li>\n<li>k\u00e9rhesse a r\u00e1 vonatkoz\u00f3 szem\u00e9lyes adatokhoz val\u00f3 hozz\u00e1f\u00e9r\u00e9s biztos\u00edt\u00e1s\u00e1t;<\/li>\n<li>\u00e9lhessen az adathordozhat\u00f3s\u00e1g lehet\u0151s\u00e9g\u00e9vel;<\/li>\n<li>k\u00e9rhesse a r\u00e1 vonatkoz\u00f3 adatok helyesb\u00edt\u00e9s\u00e9t, t\u00f6rl\u00e9s\u00e9t (elfeledtet\u00e9s\u00e9t), kezel\u00e9s\u00e9nek korl\u00e1toz\u00e1s\u00e1t; tov\u00e1bb\u00e1<\/li>\n<li>tiltakozzon szem\u00e9lyes adatai kezel\u00e9se ellen.<\/li>\n<\/ul>\n<p>A hozz\u00e1f\u00e9r\u00e9si \u00e9s adathordozhat\u00f3s\u00e1gi jog indokolatlan t\u00f6bbsz\u00f6ri, vagy ism\u00e9telt gyakorl\u00e1sa eset\u00e9n adatkezel\u0151 adminisztr\u00e1ci\u00f3s d\u00edjat sz\u00e1m\u00edthat fel. A hozz\u00e1f\u00e9r\u00e9si \u00e9s adathordozhat\u00f3s\u00e1gi jog gyakorl\u00e1s\u00e1nak el\u0151felt\u00e9tele lehet az adatok t\u00e1rol\u00e1s\u00e1ra alkalmas, megfelel\u0151 biztons\u00e1g\u00fa adathordoz\u00f3 \u00e9rintett \u00e1ltali rendelkez\u00e9sre bocs\u00e1t\u00e1sa. Adatkezel\u0151 a hozz\u00e1f\u00e9r\u00e9st \u00e9s az adathordozhat\u00f3s\u00e1got az adatkezel\u00e9s sor\u00e1n alkalmazott form\u00e1tumban \u00e9s technol\u00f3giai param\u00e9terekkel biztos\u00edtja.<\/p>\n<p><strong>JOGORVOSLATI LEHET\u0150S\u00c9G<\/strong><\/p>\n<p>\u00c9rintett az adatkezel\u00e9ssel \u00f6sszef\u00fcgg\u00e9sben felmer\u00fcl\u0151 jogs\u00e9rt\u00e9s eset\u00e9n a Wiseinvest Kft. sz\u00e9khelye, vagy a lak\u00f3- vagy tart\u00f3zkod\u00e1si helye szerint illet\u00e9kes t\u00f6rv\u00e9nysz\u00e9khez fordulhat. Jogai \u00e9rv\u00e9nyes\u00fcl\u00e9s\u00e9nek ellen\u0151rz\u00e9se \u00e9s el\u0151seg\u00edt\u00e9se \u00e9rdek\u00e9ben megkeresheti tov\u00e1bb\u00e1 az illet\u00e9kes hat\u00f3s\u00e1got.<\/p>\n<p>Az \u00e9rintettek jogaik meg\u00f3v\u00e1sa \u00e9rdek\u00e9ben panasszal a k\u00f6vetkez\u0151 hat\u00f3s\u00e1ghoz fordulhatnak:<\/p>\n<p><strong>Nemzeti Adatv\u00e9delmi \u00e9s Inform\u00e1ci\u00f3szabads\u00e1g Hat\u00f3s\u00e1g,<\/strong><\/p>\n<p>Posta c\u00edm: 1530 Budapest, Pf.: 5. c\u00edm: 1125 Budapest Szil\u00e1gyi Erzs\u00e9bet fasor 22\/c<\/p>\n<p>Telefon: +36 (1) 391 1400<\/p>\n<p>Fax: +36 (1) 391 1410<\/p>\n<p>E-mail: ugyfelszolgalat@naih.hu<\/p>\n<p>\u00c9rintett jogainak \u00e9rv\u00e9nyes\u00edt\u00e9s\u00e9t adatkezel\u0151 jelen t\u00e1j\u00e9koztat\u00f3ban k\u00f6zz\u00e9tett el\u00e9rhet\u0151s\u00e9gein kereszt\u00fcl gyakorolhatja.<\/p>\n<p><strong>A T\u00c1J\u00c9KOZTAT\u00d3 M\u00d3DOS\u00cdT\u00c1S\u00c1R\u00d3L<\/strong><\/p>\n<p>A Wiseinvest Kft. fenntartja a jogot jelen t\u00e1j\u00e9koztat\u00f3 m\u00f3dos\u00edt\u00e1s\u00e1ra. A m\u00f3dos\u00edt\u00e1s a tov\u00e1bbiakban is kiz\u00e1r\u00f3lag a hat\u00e1lyos jogszab\u00e1lyi k\u00f6rnyezet figyelembev\u00e9tel\u00e9vel t\u00f6rt\u00e9nhet, \u00e9s ennek megt\u00f6rt\u00e9nte eset\u00e9n err\u0151l t\u00e1j\u00e9koztatja az adatkezel\u00e9s \u00e9rintettjeit weboldal\u00e1n.<\/p>\n","protected":false},"excerpt":{"rendered":"<p>Adatkezel\u00e9si t\u00e1j\u00e9koztat\u00f3 Tisztelt \u00dcgyfel\u00fcnk! Sz\u00e1munkra k\u00fcl\u00f6n\u00f6sen fontos az \u00d6n szem\u00e9lyes adatainak v\u00e9delme, ennek megfelel\u0151en folyamatosan gondoskodunk azok biztons\u00e1g\u00e1r\u00f3l. Adatkezel\u00e9s\u00fcnk a 2018. m\u00e1jus 25-\u00e9n hat\u00e1lyba l\u00e9p\u0151 \u00c1ltal\u00e1nos Adatv\u00e9delmi Rendeletnek (az Eur\u00f3pai Parlament \u00e9s a Tan\u00e1cs (EU) 2016\/679 sz\u00e1m\u00fa \u00c1ltal\u00e1nos Adatv\u00e9delmi Rendelet \u2013 a \u201eGDPR\u201d) is megfelel. K\u00e9rj\u00fck, hogy figyelmesen olvassa el az \u00faj szab\u00e1lyoknak megfelel\u0151en megv\u00e1ltozott [&hellip;]<\/p>\n","protected":false},"author":2,"featured_media":0,"parent":0,"menu_order":0,"comment_status":"closed","ping_status":"closed","template":"page-template\/custom-home-page.php","meta":{"footnotes":""},"class_list":["post-56","page","type-page","status-publish","hentry"],"_links":{"self":[{"href":"https:\/\/wiseinvest.hu\/index.php?rest_route=\/wp\/v2\/pages\/56","targetHints":{"allow":["GET"]}}],"collection":[{"href":"https:\/\/wiseinvest.hu\/index.php?rest_route=\/wp\/v2\/pages"}],"about":[{"href":"https:\/\/wiseinvest.hu\/index.php?rest_route=\/wp\/v2\/types\/page"}],"author":[{"embeddable":true,"href":"https:\/\/wiseinvest.hu\/index.php?rest_route=\/wp\/v2\/users\/2"}],"replies":[{"embeddable":true,"href":"https:\/\/wiseinvest.hu\/index.php?rest_route=%2Fwp%2Fv2%2Fcomments&post=56"}],"version-history":[{"count":4,"href":"https:\/\/wiseinvest.hu\/index.php?rest_route=\/wp\/v2\/pages\/56\/revisions"}],"predecessor-version":[{"id":84,"href":"https:\/\/wiseinvest.hu\/index.php?rest_route=\/wp\/v2\/pages\/56\/revisions\/84"}],"wp:attachment":[{"href":"https:\/\/wiseinvest.hu\/index.php?rest_route=%2Fwp%2Fv2%2Fmedia&parent=56"}],"curies":[{"name":"wp","href":"https:\/\/api.w.org\/{rel}","templated":true}]}}